{"id":974,"date":"2024-11-05T18:51:20","date_gmt":"2024-11-05T15:51:20","guid":{"rendered":"https:\/\/madagascar-airtours.mg\/bienvenue\/"},"modified":"2024-11-06T17:13:24","modified_gmt":"2024-11-06T14:13:24","slug":"bienvenue","status":"publish","type":"page","link":"https:\/\/madagascar-airtours.mg\/fr\/bienvenue\/","title":{"rendered":"Bienvenue"},"content":{"rendered":"\t\t<div data-elementor-type=\"wp-page\" data-elementor-id=\"974\" class=\"elementor elementor-974\" data-elementor-post-type=\"page\">\n\t\t\t\t<div class=\"elementor-element elementor-element-32a9da1 e-con-full e-flex e-con e-parent\" data-id=\"32a9da1\" data-element_type=\"container\" data-settings=\"{&quot;background_background&quot;:&quot;classic&quot;}\">\n\t\t<div class=\"elementor-element elementor-element-c26a966 e-con-full e-flex e-con e-child\" data-id=\"c26a966\" data-element_type=\"container\">\n\t\t\t\t<div class=\"elementor-element elementor-element-2b7eff1 elementor-widget elementor-widget-heading\" data-id=\"2b7eff1\" data-element_type=\"widget\" data-widget_type=\"heading.default\">\n\t\t\t\t<div class=\"elementor-widget-container\">\n\t\t\t<h2 class=\"elementor-heading-title elementor-size-default\">Explorez les merveilles de Madagascar avec Madagascar Airtours<\/h2>\t\t<\/div>\n\t\t\t\t<\/div>\n\t\t\t\t<div class=\"elementor-element elementor-element-66e1c34 elementor-widget elementor-widget-text-editor\" data-id=\"66e1c34\" data-element_type=\"widget\" data-widget_type=\"text-editor.default\">\n\t\t\t\t<div class=\"elementor-widget-container\">\n\t\t\t\t\t\t\t<p>Madagascar Airtours vous invite \u00e0 d\u00e9couvrir les merveilles naturelles de Madagascar comme jamais auparavant. Avec des itin\u00e9raires m\u00e9ticuleusement planifi\u00e9s pour les passionn\u00e9s de faune et d&rsquo;observation d&rsquo;oiseaux, plongez dans la biodiversit\u00e9 unique et les paysages \u00e9poustouflants de cette \u00eele enchant\u00e9e. Commencez votre aventure avec nous et laissez-nous r\u00e9aliser votre r\u00eave d&rsquo;explorer Madagascar.<\/p>\t\t\t\t\t\t<\/div>\n\t\t\t\t<\/div>\n\t\t\t\t<\/div>\n\t\t\t\t<\/div>\n\t\t<div class=\"elementor-element elementor-element-74b9e90 e-flex e-con-boxed e-con e-parent\" data-id=\"74b9e90\" data-element_type=\"container\">\n\t\t\t\t\t<div class=\"e-con-inner\">\n\t\t\t\t<div class=\"elementor-element elementor-element-5b36477 elementor-align-center elementor-widget elementor-widget-button\" data-id=\"5b36477\" data-element_type=\"widget\" data-widget_type=\"button.default\">\n\t\t\t\t<div class=\"elementor-widget-container\">\n\t\t\t\t\t\t\t<div class=\"elementor-button-wrapper\">\n\t\t\t\t\t<a class=\"elementor-button elementor-size-sm\" role=\"button\">\n\t\t\t\t\t\t<span class=\"elementor-button-content-wrapper\">\n\t\t\t\t\t\t\t\t\t<span class=\"elementor-button-text\">Nos circuits phares<\/span>\n\t\t\t\t\t<\/span>\n\t\t\t\t\t<\/a>\n\t\t\t\t<\/div>\n\t\t\t\t\t\t<\/div>\n\t\t\t\t<\/div>\n\t\t\t\t\t<\/div>\n\t\t\t\t<\/div>\n\t\t<div class=\"elementor-element elementor-element-2fd3ff5 e-flex e-con-boxed e-con e-parent\" data-id=\"2fd3ff5\" data-element_type=\"container\">\n\t\t\t\t\t<div class=\"e-con-inner\">\n\t\t<div class=\"elementor-element elementor-element-ac74e72 e-con-full e-flex e-con e-child\" data-id=\"ac74e72\" data-element_type=\"container\">\n\t\t\t\t<div class=\"elementor-element elementor-element-35c59b8 elementor-position-top elementor-widget elementor-widget-image-box\" data-id=\"35c59b8\" data-element_type=\"widget\" data-widget_type=\"image-box.default\">\n\t\t\t\t<div class=\"elementor-widget-container\">\n\t\t\t<div class=\"elementor-image-box-wrapper\"><figure class=\"elementor-image-box-img\"><img fetchpriority=\"high\" decoding=\"async\" width=\"612\" height=\"408\" src=\"https:\/\/madagascar-airtours.mg\/wp-content\/uploads\/2024\/11\/morondava.jpg\" class=\"attachment-full size-full wp-image-953\" alt=\"Baobab\" \/><\/figure><div class=\"elementor-image-box-content\"><h3 class=\"elementor-image-box-title\">Circuit Faune Sauvage 2025<\/h3><p class=\"elementor-image-box-description\">Partez pour un voyage de 25 jours \u00e0 travers les sites les plus embl\u00e9matiques de Madagascar. Rencontrez des esp\u00e8ces uniques comme la grenouille tomate, les l\u00e9muriens \u00e0 crini\u00e8re rousse et l'insaisissable Aye-aye en explorant des for\u00eats tropicales luxuriantes, l'incontournable All\u00e9e des Baobabs et des parcs nationaux immacul\u00e9s. Des randonn\u00e9es nocturnes guid\u00e9es aux excursions matinales pour l'observation des oiseaux, cet itin\u00e9raire vous offre une immersion totale dans la faune incomparable de Madagascar.<\/p><\/div><\/div>\t\t<\/div>\n\t\t\t\t<\/div>\n\t\t\t\t<\/div>\n\t\t<div class=\"elementor-element elementor-element-136c122 e-con-full e-flex e-con e-child\" data-id=\"136c122\" data-element_type=\"container\">\n\t\t\t\t<div class=\"elementor-element elementor-element-76d081c elementor-position-top elementor-widget elementor-widget-image-box\" data-id=\"76d081c\" data-element_type=\"widget\" data-widget_type=\"image-box.default\">\n\t\t\t\t<div class=\"elementor-widget-container\">\n\t\t\t<div class=\"elementor-image-box-wrapper\"><figure class=\"elementor-image-box-img\"><img decoding=\"async\" width=\"800\" height=\"534\" src=\"https:\/\/madagascar-airtours.mg\/wp-content\/uploads\/2024\/11\/Bird.jpg\" class=\"attachment-full size-full wp-image-990\" alt=\"Oiseau\" \/><\/figure><div class=\"elementor-image-box-content\"><h3 class=\"elementor-image-box-title\">Circuit Observation des Oiseaux<\/h3><p class=\"elementor-image-box-description\">Cette aventure de 21 jours met l'accent sur les oiseaux les plus rares de Madagascar et ses \u00e9cosyst\u00e8mes remarquables. Traversez des for\u00eats \u00e9pineuses, des for\u00eats tropicales et des r\u00e9serves c\u00f4ti\u00e8res avec l\u2019aide de guides experts. Observez des esp\u00e8ces iconiques telles que le M\u00e9site du d\u00e9sert, l'Aigle p\u00eacheur de Madagascar, et bien d'autres esp\u00e8ces end\u00e9miques tout en profitant de la beaut\u00e9 sereine des paysages de l'\u00eele. Id\u00e9al pour les amateurs comme pour les ornithologues chevronn\u00e9s.<\/p><\/div><\/div>\t\t<\/div>\n\t\t\t\t<\/div>\n\t\t\t\t<\/div>\n\t\t\t\t\t<\/div>\n\t\t\t\t<\/div>\n\t\t<div class=\"elementor-element elementor-element-5cec5fe e-flex e-con-boxed e-con e-parent\" data-id=\"5cec5fe\" data-element_type=\"container\">\n\t\t\t\t\t<div class=\"e-con-inner\">\n\t\t\t\t<div class=\"elementor-element elementor-element-76c80cf elementor-cta--skin-classic elementor-animated-content elementor-bg-transform elementor-bg-transform-zoom-in elementor-widget elementor-widget-call-to-action\" data-id=\"76c80cf\" data-element_type=\"widget\" data-widget_type=\"call-to-action.default\">\n\t\t\t\t<div class=\"elementor-widget-container\">\n\t\t\t\t\t<div class=\"elementor-cta\">\n\t\t\t\t\t<div class=\"elementor-cta__bg-wrapper\">\n\t\t\t\t<div class=\"elementor-cta__bg elementor-bg\" style=\"background-image: url(https:\/\/madagascar-airtours.mg\/wp-content\/uploads\/2021\/12\/2-1024x1024.jpg);\" role=\"img\" aria-label=\"Belle plage\"><\/div>\n\t\t\t\t<div class=\"elementor-cta__bg-overlay\"><\/div>\n\t\t\t<\/div>\n\t\t\t\t\t\t\t<div class=\"elementor-cta__content\">\n\t\t\t\t\n\t\t\t\t\t\t\t\t\t<h2 class=\"elementor-cta__title elementor-cta__content-item elementor-content-item\">\n\t\t\t\t\t\tPr\u00eat \u00e0 explorer ?\t\t\t\t\t<\/h2>\n\t\t\t\t\n\t\t\t\t\t\t\t\t\t<div class=\"elementor-cta__description elementor-cta__content-item elementor-content-item\">\n\t\t\t\t\t\tContactez-nous d\u00e8s aujourd'hui pour en savoir plus sur ces circuits exclusifs ! Contactez-nous par email ou WhatsApp pour r\u00e9server votre place et commencer \u00e0 planifier votre voyage inoubliable \u00e0 Madagascar.<br>Laissez Madagascar Airtours \u00eatre votre porte d'entr\u00e9e vers une aventure extraordinaire !\t\t\t\t\t<\/div>\n\t\t\t\t\n\t\t\t\t\t\t\t\t\t<div class=\"elementor-cta__button-wrapper elementor-cta__content-item elementor-content-item \">\n\t\t\t\t\t<a class=\"elementor-cta__button elementor-button elementor-size-\" href=\"https:\/\/wa.me\/+261341122689\">\n\t\t\t\t\t\tService Client WhatsApp\t\t\t\t\t<\/a>\n\t\t\t\t\t<\/div>\n\t\t\t\t\t\t\t<\/div>\n\t\t\t\t\t\t\t<div class=\"elementor-ribbon\">\n\t\t\t\t<div class=\"elementor-ribbon-inner\">TRAVEL<\/div>\n\t\t\t<\/div>\n\t\t\t\t<\/div>\n\t\t\t\t<\/div>\n\t\t\t\t<\/div>\n\t\t\t\t\t<\/div>\n\t\t\t\t<\/div>\n\t\t\t\t<\/div>\n\t\t","protected":false},"excerpt":{"rendered":"<p>Explorez les merveilles de Madagascar avec Madagascar Airtours Madagascar Airtours vous invite \u00e0 d\u00e9couvrir les merveilles naturelles de Madagascar comme jamais auparavant. Avec des itin\u00e9raires m\u00e9ticuleusement planifi\u00e9s pour les passionn\u00e9s de faune et d&rsquo;observation d&rsquo;oiseaux, plongez dans la biodiversit\u00e9 unique et les paysages \u00e9poustouflants de cette \u00eele enchant\u00e9e. Commencez votre aventure avec nous et laissez-nous [&hellip;]<\/p>\n","protected":false},"author":1,"featured_media":0,"parent":0,"menu_order":0,"comment_status":"closed","ping_status":"closed","template":"","meta":{"om_disable_all_campaigns":false,"_monsterinsights_skip_tracking":false,"_monsterinsights_sitenote_active":false,"_monsterinsights_sitenote_note":"","_monsterinsights_sitenote_category":0,"footnotes":""},"class_list":["post-974","page","type-page","status-publish","hentry"],"yoast_head":"<!-- This site is optimized with the Yoast SEO plugin v25.0 - https:\/\/yoast.com\/wordpress\/plugins\/seo\/ -->\n<title>Bienvenue - Madagascar Airtours<\/title>\n<meta name=\"robots\" content=\"index, follow, max-snippet:-1, max-image-preview:large, max-video-preview:-1\" \/>\n<link rel=\"canonical\" href=\"https:\/\/madagascar-airtours.mg\/fr\/bienvenue\/\" \/>\n<meta property=\"og:locale\" content=\"fr_FR\" \/>\n<meta property=\"og:type\" content=\"article\" \/>\n<meta property=\"og:title\" content=\"Bienvenue - Madagascar Airtours\" \/>\n<meta property=\"og:description\" content=\"Explorez les merveilles de Madagascar avec Madagascar Airtours Madagascar Airtours vous invite \u00e0 d\u00e9couvrir les merveilles naturelles de Madagascar comme jamais auparavant. Avec des itin\u00e9raires m\u00e9ticuleusement planifi\u00e9s pour les passionn\u00e9s de faune et d&rsquo;observation d&rsquo;oiseaux, plongez dans la biodiversit\u00e9 unique et les paysages \u00e9poustouflants de cette \u00eele enchant\u00e9e. Commencez votre aventure avec nous et laissez-nous [&hellip;]\" \/>\n<meta property=\"og:url\" content=\"https:\/\/madagascar-airtours.mg\/fr\/bienvenue\/\" \/>\n<meta property=\"og:site_name\" content=\"Madagascar Airtours\" \/>\n<meta property=\"article:publisher\" content=\"https:\/\/web.facebook.com\/Madagascar-Airtours-Officiel-350742499413378\" \/>\n<meta property=\"article:modified_time\" content=\"2024-11-06T14:13:24+00:00\" \/>\n<meta property=\"og:image\" content=\"https:\/\/madagascar-airtours.mg\/wp-content\/uploads\/2024\/11\/morondava.jpg\" \/>\n\t<meta property=\"og:image:width\" content=\"612\" \/>\n\t<meta property=\"og:image:height\" content=\"408\" \/>\n\t<meta property=\"og:image:type\" content=\"image\/jpeg\" \/>\n<meta name=\"twitter:card\" content=\"summary_large_image\" \/>\n<meta name=\"twitter:label1\" content=\"Dur\u00e9e de lecture estim\u00e9e\" \/>\n\t<meta name=\"twitter:data1\" content=\"2 minutes\" \/>\n<script type=\"application\/ld+json\" class=\"yoast-schema-graph\">{\"@context\":\"https:\/\/schema.org\",\"@graph\":[{\"@type\":\"WebPage\",\"@id\":\"https:\/\/madagascar-airtours.mg\/fr\/bienvenue\/\",\"url\":\"https:\/\/madagascar-airtours.mg\/fr\/bienvenue\/\",\"name\":\"Bienvenue - Madagascar Airtours\",\"isPartOf\":{\"@id\":\"https:\/\/madagascar-airtours.mg\/#website\"},\"primaryImageOfPage\":{\"@id\":\"https:\/\/madagascar-airtours.mg\/fr\/bienvenue\/#primaryimage\"},\"image\":{\"@id\":\"https:\/\/madagascar-airtours.mg\/fr\/bienvenue\/#primaryimage\"},\"thumbnailUrl\":\"https:\/\/madagascar-airtours.mg\/wp-content\/uploads\/2024\/11\/morondava.jpg\",\"datePublished\":\"2024-11-05T15:51:20+00:00\",\"dateModified\":\"2024-11-06T14:13:24+00:00\",\"breadcrumb\":{\"@id\":\"https:\/\/madagascar-airtours.mg\/fr\/bienvenue\/#breadcrumb\"},\"inLanguage\":\"fr-FR\",\"potentialAction\":[{\"@type\":\"ReadAction\",\"target\":[\"https:\/\/madagascar-airtours.mg\/fr\/bienvenue\/\"]}]},{\"@type\":\"ImageObject\",\"inLanguage\":\"fr-FR\",\"@id\":\"https:\/\/madagascar-airtours.mg\/fr\/bienvenue\/#primaryimage\",\"url\":\"https:\/\/madagascar-airtours.mg\/wp-content\/uploads\/2024\/11\/morondava.jpg\",\"contentUrl\":\"https:\/\/madagascar-airtours.mg\/wp-content\/uploads\/2024\/11\/morondava.jpg\"},{\"@type\":\"BreadcrumbList\",\"@id\":\"https:\/\/madagascar-airtours.mg\/fr\/bienvenue\/#breadcrumb\",\"itemListElement\":[{\"@type\":\"ListItem\",\"position\":1,\"name\":\"Home\",\"item\":\"https:\/\/madagascar-airtours.mg\/fr\/\"},{\"@type\":\"ListItem\",\"position\":2,\"name\":\"Bienvenue\"}]},{\"@type\":\"WebSite\",\"@id\":\"https:\/\/madagascar-airtours.mg\/#website\",\"url\":\"https:\/\/madagascar-airtours.mg\/\",\"name\":\"Madagascar Airtours\",\"description\":\"Make your travel smoother !\",\"publisher\":{\"@id\":\"https:\/\/madagascar-airtours.mg\/#organization\"},\"potentialAction\":[{\"@type\":\"SearchAction\",\"target\":{\"@type\":\"EntryPoint\",\"urlTemplate\":\"https:\/\/madagascar-airtours.mg\/?s={search_term_string}\"},\"query-input\":{\"@type\":\"PropertyValueSpecification\",\"valueRequired\":true,\"valueName\":\"search_term_string\"}}],\"inLanguage\":\"fr-FR\"},{\"@type\":\"Organization\",\"@id\":\"https:\/\/madagascar-airtours.mg\/#organization\",\"name\":\"Madagascar Airtours\",\"url\":\"https:\/\/madagascar-airtours.mg\/\",\"logo\":{\"@type\":\"ImageObject\",\"inLanguage\":\"fr-FR\",\"@id\":\"https:\/\/madagascar-airtours.mg\/#\/schema\/logo\/image\/\",\"url\":\"https:\/\/madagascar-airtours.mg\/wp-content\/uploads\/2022\/01\/Logo-44.png\",\"contentUrl\":\"https:\/\/madagascar-airtours.mg\/wp-content\/uploads\/2022\/01\/Logo-44.png\",\"width\":113,\"height\":44,\"caption\":\"Madagascar Airtours\"},\"image\":{\"@id\":\"https:\/\/madagascar-airtours.mg\/#\/schema\/logo\/image\/\"},\"sameAs\":[\"https:\/\/web.facebook.com\/Madagascar-Airtours-Officiel-350742499413378\"]}]}<\/script>\n<!-- \/ Yoast SEO plugin. -->","yoast_head_json":{"title":"Bienvenue - Madagascar Airtours","robots":{"index":"index","follow":"follow","max-snippet":"max-snippet:-1","max-image-preview":"max-image-preview:large","max-video-preview":"max-video-preview:-1"},"canonical":"https:\/\/madagascar-airtours.mg\/fr\/bienvenue\/","og_locale":"fr_FR","og_type":"article","og_title":"Bienvenue - Madagascar Airtours","og_description":"Explorez les merveilles de Madagascar avec Madagascar Airtours Madagascar Airtours vous invite \u00e0 d\u00e9couvrir les merveilles naturelles de Madagascar comme jamais auparavant. Avec des itin\u00e9raires m\u00e9ticuleusement planifi\u00e9s pour les passionn\u00e9s de faune et d&rsquo;observation d&rsquo;oiseaux, plongez dans la biodiversit\u00e9 unique et les paysages \u00e9poustouflants de cette \u00eele enchant\u00e9e. Commencez votre aventure avec nous et laissez-nous [&hellip;]","og_url":"https:\/\/madagascar-airtours.mg\/fr\/bienvenue\/","og_site_name":"Madagascar Airtours","article_publisher":"https:\/\/web.facebook.com\/Madagascar-Airtours-Officiel-350742499413378","article_modified_time":"2024-11-06T14:13:24+00:00","og_image":[{"width":612,"height":408,"url":"https:\/\/madagascar-airtours.mg\/wp-content\/uploads\/2024\/11\/morondava.jpg","type":"image\/jpeg"}],"twitter_card":"summary_large_image","twitter_misc":{"Dur\u00e9e de lecture estim\u00e9e":"2 minutes"},"schema":{"@context":"https:\/\/schema.org","@graph":[{"@type":"WebPage","@id":"https:\/\/madagascar-airtours.mg\/fr\/bienvenue\/","url":"https:\/\/madagascar-airtours.mg\/fr\/bienvenue\/","name":"Bienvenue - Madagascar Airtours","isPartOf":{"@id":"https:\/\/madagascar-airtours.mg\/#website"},"primaryImageOfPage":{"@id":"https:\/\/madagascar-airtours.mg\/fr\/bienvenue\/#primaryimage"},"image":{"@id":"https:\/\/madagascar-airtours.mg\/fr\/bienvenue\/#primaryimage"},"thumbnailUrl":"https:\/\/madagascar-airtours.mg\/wp-content\/uploads\/2024\/11\/morondava.jpg","datePublished":"2024-11-05T15:51:20+00:00","dateModified":"2024-11-06T14:13:24+00:00","breadcrumb":{"@id":"https:\/\/madagascar-airtours.mg\/fr\/bienvenue\/#breadcrumb"},"inLanguage":"fr-FR","potentialAction":[{"@type":"ReadAction","target":["https:\/\/madagascar-airtours.mg\/fr\/bienvenue\/"]}]},{"@type":"ImageObject","inLanguage":"fr-FR","@id":"https:\/\/madagascar-airtours.mg\/fr\/bienvenue\/#primaryimage","url":"https:\/\/madagascar-airtours.mg\/wp-content\/uploads\/2024\/11\/morondava.jpg","contentUrl":"https:\/\/madagascar-airtours.mg\/wp-content\/uploads\/2024\/11\/morondava.jpg"},{"@type":"BreadcrumbList","@id":"https:\/\/madagascar-airtours.mg\/fr\/bienvenue\/#breadcrumb","itemListElement":[{"@type":"ListItem","position":1,"name":"Home","item":"https:\/\/madagascar-airtours.mg\/fr\/"},{"@type":"ListItem","position":2,"name":"Bienvenue"}]},{"@type":"WebSite","@id":"https:\/\/madagascar-airtours.mg\/#website","url":"https:\/\/madagascar-airtours.mg\/","name":"Madagascar Airtours","description":"Make your travel smoother !","publisher":{"@id":"https:\/\/madagascar-airtours.mg\/#organization"},"potentialAction":[{"@type":"SearchAction","target":{"@type":"EntryPoint","urlTemplate":"https:\/\/madagascar-airtours.mg\/?s={search_term_string}"},"query-input":{"@type":"PropertyValueSpecification","valueRequired":true,"valueName":"search_term_string"}}],"inLanguage":"fr-FR"},{"@type":"Organization","@id":"https:\/\/madagascar-airtours.mg\/#organization","name":"Madagascar Airtours","url":"https:\/\/madagascar-airtours.mg\/","logo":{"@type":"ImageObject","inLanguage":"fr-FR","@id":"https:\/\/madagascar-airtours.mg\/#\/schema\/logo\/image\/","url":"https:\/\/madagascar-airtours.mg\/wp-content\/uploads\/2022\/01\/Logo-44.png","contentUrl":"https:\/\/madagascar-airtours.mg\/wp-content\/uploads\/2022\/01\/Logo-44.png","width":113,"height":44,"caption":"Madagascar Airtours"},"image":{"@id":"https:\/\/madagascar-airtours.mg\/#\/schema\/logo\/image\/"},"sameAs":["https:\/\/web.facebook.com\/Madagascar-Airtours-Officiel-350742499413378"]}]}},"_links":{"self":[{"href":"https:\/\/madagascar-airtours.mg\/fr\/wp-json\/wp\/v2\/pages\/974"}],"collection":[{"href":"https:\/\/madagascar-airtours.mg\/fr\/wp-json\/wp\/v2\/pages"}],"about":[{"href":"https:\/\/madagascar-airtours.mg\/fr\/wp-json\/wp\/v2\/types\/page"}],"author":[{"embeddable":true,"href":"https:\/\/madagascar-airtours.mg\/fr\/wp-json\/wp\/v2\/users\/1"}],"replies":[{"embeddable":true,"href":"https:\/\/madagascar-airtours.mg\/fr\/wp-json\/wp\/v2\/comments?post=974"}],"version-history":[{"count":10,"href":"https:\/\/madagascar-airtours.mg\/fr\/wp-json\/wp\/v2\/pages\/974\/revisions"}],"predecessor-version":[{"id":996,"href":"https:\/\/madagascar-airtours.mg\/fr\/wp-json\/wp\/v2\/pages\/974\/revisions\/996"}],"wp:attachment":[{"href":"https:\/\/madagascar-airtours.mg\/fr\/wp-json\/wp\/v2\/media?parent=974"}],"curies":[{"name":"wp","href":"https:\/\/api.w.org\/{rel}","templated":true}]}}